{"id":1779,"date":"2021-05-19T11:11:15","date_gmt":"2021-05-19T14:11:15","guid":{"rendered":"https:\/\/scherercortinas.com.br\/novosite\/?page_id=1779"},"modified":"2024-10-15T15:17:38","modified_gmt":"2024-10-15T18:17:38","slug":"romanas","status":"publish","type":"page","link":"https:\/\/scherercortinas.com.br\/index.php\/romanas\/","title":{"rendered":"Romanas"},"content":{"rendered":"\t\t<div data-elementor-type=\"wp-page\" data-elementor-id=\"1779\" class=\"elementor elementor-1779\" data-elementor-post-type=\"page\">\n\t\t\t\t\t\t<section class=\"elementor-section elementor-top-section elementor-element elementor-element-370c476a elementor-section-boxed elementor-section-height-default elementor-section-height-default\" data-id=\"370c476a\" data-element_type=\"section\" data-e-type=\"section\">\n\t\t\t\t\t\t<div class=\"elementor-container elementor-column-gap-default\">\n\t\t\t\t\t<div class=\"elementor-column elementor-col-100 elementor-top-column elementor-element elementor-element-73da4ae0\" data-id=\"73da4ae0\" data-element_type=\"column\" data-e-type=\"column\">\n\t\t\t<div class=\"elementor-widget-wrap elementor-element-populated\">\n\t\t\t\t\t\t<div class=\"elementor-element elementor-element-2a53d0ad elementor-widget elementor-widget-text-editor\" data-id=\"2a53d0ad\" data-element_type=\"widget\" data-e-type=\"widget\" data-widget_type=\"text-editor.default\">\n\t\t\t\t<div class=\"elementor-widget-container\">\n\t\t\t\t\t\t\t\t\t[vc_row full_width=&#8221;stretch_row_content_no_spaces&#8221; css=&#8221;.vc_custom_1621433046390{background-color: #674078 !important;}&#8221;][vc_column][\/vc_column][\/vc_row][vc_row][vc_column][vc_column_text css_animation=&#8221;fadeInUp&#8221;]\r\n<h2><strong>PERSIANAS ROMANAS<\/strong><\/h2>\r\n[\/vc_column_text][vc_column_text css_animation=&#8221;fadeInUp&#8221; css=&#8221;.vc_custom_1679506116743{margin-bottom: 10px !important;}&#8221;]<span style=\"color: #000;\">As Persianas Romanas s\u00e3o modernas, de grande eleg\u00e2ncia e movimento \u00fanico. Apresentam grande gama de tecidos e algumas op\u00e7\u00f5es de cores com toque fino que lhe d\u00e3o o perfeito controle da intensidade da luz. Seu ambiente ficar\u00e1 completamente em sintonia, \u00e9 maravilhoso!<\/span>[\/vc_column_text][vc_column_text css_animation=&#8221;fadeInUp&#8221;]\r\n\r\n<div id='gallery-1' class='gallery galleryid-1779 gallery-columns-4 gallery-size-medium'><figure class='gallery-item'>\n\t\t\t<div class='gallery-icon landscape'>\n\t\t\t\t<a href='https:\/\/scherercortinas.com.br\/wp-content\/uploads\/2021\/05\/01-14.jpg' rel=\"lightbox[gallery-0] lightbox-0\"><img fetchpriority=\"high\" decoding=\"async\" width=\"300\" height=\"300\" src=\"https:\/\/scherercortinas.com.br\/wp-content\/uploads\/2021\/05\/01-14-300x300.jpg\" class=\"attachment-medium size-medium\" alt=\"\" srcset=\"https:\/\/scherercortinas.com.br\/wp-content\/uploads\/2021\/05\/01-14-300x300.jpg 300w, https:\/\/scherercortinas.com.br\/wp-content\/uploads\/2021\/05\/01-14-150x150.jpg 150w, https:\/\/scherercortinas.com.br\/wp-content\/uploads\/2021\/05\/01-14-768x768.jpg 768w, https:\/\/scherercortinas.com.br\/wp-content\/uploads\/2021\/05\/01-14-640x640.jpg 640w, https:\/\/scherercortinas.com.br\/wp-content\/uploads\/2021\/05\/01-14.jpg 800w\" sizes=\"(max-width: 300px) 100vw, 300px\" \/><\/a>\n\t\t\t<\/div><\/figure><figure class='gallery-item'>\n\t\t\t<div class='gallery-icon landscape'>\n\t\t\t\t<a href='https:\/\/scherercortinas.com.br\/wp-content\/uploads\/2021\/05\/02-14.jpg' rel=\"lightbox[gallery-0] lightbox-1\"><img decoding=\"async\" width=\"300\" height=\"300\" src=\"https:\/\/scherercortinas.com.br\/wp-content\/uploads\/2021\/05\/02-14-300x300.jpg\" class=\"attachment-medium size-medium\" alt=\"\" srcset=\"https:\/\/scherercortinas.com.br\/wp-content\/uploads\/2021\/05\/02-14-300x300.jpg 300w, https:\/\/scherercortinas.com.br\/wp-content\/uploads\/2021\/05\/02-14-150x150.jpg 150w, https:\/\/scherercortinas.com.br\/wp-content\/uploads\/2021\/05\/02-14-768x768.jpg 768w, https:\/\/scherercortinas.com.br\/wp-content\/uploads\/2021\/05\/02-14-640x640.jpg 640w, https:\/\/scherercortinas.com.br\/wp-content\/uploads\/2021\/05\/02-14.jpg 800w\" sizes=\"(max-width: 300px) 100vw, 300px\" \/><\/a>\n\t\t\t<\/div><\/figure><figure class='gallery-item'>\n\t\t\t<div class='gallery-icon landscape'>\n\t\t\t\t<a href='https:\/\/scherercortinas.com.br\/wp-content\/uploads\/2021\/05\/03-14.jpg' rel=\"lightbox[gallery-0] lightbox-2\"><img decoding=\"async\" width=\"300\" height=\"300\" src=\"https:\/\/scherercortinas.com.br\/wp-content\/uploads\/2021\/05\/03-14-300x300.jpg\" class=\"attachment-medium size-medium\" alt=\"\" srcset=\"https:\/\/scherercortinas.com.br\/wp-content\/uploads\/2021\/05\/03-14-300x300.jpg 300w, https:\/\/scherercortinas.com.br\/wp-content\/uploads\/2021\/05\/03-14-150x150.jpg 150w, https:\/\/scherercortinas.com.br\/wp-content\/uploads\/2021\/05\/03-14-768x768.jpg 768w, https:\/\/scherercortinas.com.br\/wp-content\/uploads\/2021\/05\/03-14-640x640.jpg 640w, https:\/\/scherercortinas.com.br\/wp-content\/uploads\/2021\/05\/03-14.jpg 800w\" sizes=\"(max-width: 300px) 100vw, 300px\" \/><\/a>\n\t\t\t<\/div><\/figure><figure class='gallery-item'>\n\t\t\t<div class='gallery-icon landscape'>\n\t\t\t\t<a href='https:\/\/scherercortinas.com.br\/wp-content\/uploads\/2021\/05\/04-13.jpg' rel=\"lightbox[gallery-0] lightbox-3\"><img loading=\"lazy\" decoding=\"async\" width=\"300\" height=\"300\" src=\"https:\/\/scherercortinas.com.br\/wp-content\/uploads\/2021\/05\/04-13-300x300.jpg\" class=\"attachment-medium size-medium\" alt=\"\" srcset=\"https:\/\/scherercortinas.com.br\/wp-content\/uploads\/2021\/05\/04-13-300x300.jpg 300w, https:\/\/scherercortinas.com.br\/wp-content\/uploads\/2021\/05\/04-13-150x150.jpg 150w, https:\/\/scherercortinas.com.br\/wp-content\/uploads\/2021\/05\/04-13-768x768.jpg 768w, https:\/\/scherercortinas.com.br\/wp-content\/uploads\/2021\/05\/04-13-640x640.jpg 640w, https:\/\/scherercortinas.com.br\/wp-content\/uploads\/2021\/05\/04-13.jpg 800w\" sizes=\"(max-width: 300px) 100vw, 300px\" \/><\/a>\n\t\t\t<\/div><\/figure><figure class='gallery-item'>\n\t\t\t<div class='gallery-icon landscape'>\n\t\t\t\t<a href='https:\/\/scherercortinas.com.br\/wp-content\/uploads\/2021\/05\/05-8.jpg' rel=\"lightbox[gallery-0] lightbox-4\"><img loading=\"lazy\" decoding=\"async\" width=\"300\" height=\"300\" src=\"https:\/\/scherercortinas.com.br\/wp-content\/uploads\/2021\/05\/05-8-300x300.jpg\" class=\"attachment-medium size-medium\" alt=\"\" srcset=\"https:\/\/scherercortinas.com.br\/wp-content\/uploads\/2021\/05\/05-8-300x300.jpg 300w, https:\/\/scherercortinas.com.br\/wp-content\/uploads\/2021\/05\/05-8-150x150.jpg 150w, https:\/\/scherercortinas.com.br\/wp-content\/uploads\/2021\/05\/05-8-768x768.jpg 768w, https:\/\/scherercortinas.com.br\/wp-content\/uploads\/2021\/05\/05-8-640x640.jpg 640w, https:\/\/scherercortinas.com.br\/wp-content\/uploads\/2021\/05\/05-8.jpg 800w\" sizes=\"(max-width: 300px) 100vw, 300px\" \/><\/a>\n\t\t\t<\/div><\/figure><figure class='gallery-item'>\n\t\t\t<div class='gallery-icon landscape'>\n\t\t\t\t<a href='https:\/\/scherercortinas.com.br\/wp-content\/uploads\/2021\/05\/06-8.jpg' rel=\"lightbox[gallery-0] lightbox-5\"><img loading=\"lazy\" decoding=\"async\" width=\"300\" height=\"300\" src=\"https:\/\/scherercortinas.com.br\/wp-content\/uploads\/2021\/05\/06-8-300x300.jpg\" class=\"attachment-medium size-medium\" alt=\"\" srcset=\"https:\/\/scherercortinas.com.br\/wp-content\/uploads\/2021\/05\/06-8-300x300.jpg 300w, https:\/\/scherercortinas.com.br\/wp-content\/uploads\/2021\/05\/06-8-150x150.jpg 150w, https:\/\/scherercortinas.com.br\/wp-content\/uploads\/2021\/05\/06-8-768x768.jpg 768w, https:\/\/scherercortinas.com.br\/wp-content\/uploads\/2021\/05\/06-8-640x640.jpg 640w, https:\/\/scherercortinas.com.br\/wp-content\/uploads\/2021\/05\/06-8.jpg 800w\" sizes=\"(max-width: 300px) 100vw, 300px\" \/><\/a>\n\t\t\t<\/div><\/figure><figure class='gallery-item'>\n\t\t\t<div class='gallery-icon landscape'>\n\t\t\t\t<a href='https:\/\/scherercortinas.com.br\/wp-content\/uploads\/2021\/05\/07-7.jpg' rel=\"lightbox[gallery-0] lightbox-6\"><img loading=\"lazy\" decoding=\"async\" width=\"300\" height=\"300\" src=\"https:\/\/scherercortinas.com.br\/wp-content\/uploads\/2021\/05\/07-7-300x300.jpg\" class=\"attachment-medium size-medium\" alt=\"\" srcset=\"https:\/\/scherercortinas.com.br\/wp-content\/uploads\/2021\/05\/07-7-300x300.jpg 300w, https:\/\/scherercortinas.com.br\/wp-content\/uploads\/2021\/05\/07-7-150x150.jpg 150w, https:\/\/scherercortinas.com.br\/wp-content\/uploads\/2021\/05\/07-7-768x768.jpg 768w, https:\/\/scherercortinas.com.br\/wp-content\/uploads\/2021\/05\/07-7-640x640.jpg 640w, https:\/\/scherercortinas.com.br\/wp-content\/uploads\/2021\/05\/07-7.jpg 800w\" sizes=\"(max-width: 300px) 100vw, 300px\" \/><\/a>\n\t\t\t<\/div><\/figure><figure class='gallery-item'>\n\t\t\t<div class='gallery-icon landscape'>\n\t\t\t\t<a href='https:\/\/scherercortinas.com.br\/wp-content\/uploads\/2021\/05\/08-6.jpg' rel=\"lightbox[gallery-0] lightbox-7\"><img loading=\"lazy\" decoding=\"async\" width=\"300\" height=\"300\" src=\"https:\/\/scherercortinas.com.br\/wp-content\/uploads\/2021\/05\/08-6-300x300.jpg\" class=\"attachment-medium size-medium\" alt=\"\" srcset=\"https:\/\/scherercortinas.com.br\/wp-content\/uploads\/2021\/05\/08-6-300x300.jpg 300w, https:\/\/scherercortinas.com.br\/wp-content\/uploads\/2021\/05\/08-6-150x150.jpg 150w, https:\/\/scherercortinas.com.br\/wp-content\/uploads\/2021\/05\/08-6-768x768.jpg 768w, https:\/\/scherercortinas.com.br\/wp-content\/uploads\/2021\/05\/08-6-640x640.jpg 640w, https:\/\/scherercortinas.com.br\/wp-content\/uploads\/2021\/05\/08-6.jpg 800w\" sizes=\"(max-width: 300px) 100vw, 300px\" \/><\/a>\n\t\t\t<\/div><\/figure><figure class='gallery-item'>\n\t\t\t<div class='gallery-icon landscape'>\n\t\t\t\t<a href='https:\/\/scherercortinas.com.br\/wp-content\/uploads\/2023\/03\/Cortina-Romana3.jpg' rel=\"lightbox[gallery-0] lightbox-8\"><img loading=\"lazy\" decoding=\"async\" width=\"300\" height=\"300\" src=\"https:\/\/scherercortinas.com.br\/wp-content\/uploads\/2023\/03\/Cortina-Romana3-300x300.jpg\" class=\"attachment-medium size-medium\" alt=\"\" srcset=\"https:\/\/scherercortinas.com.br\/wp-content\/uploads\/2023\/03\/Cortina-Romana3-300x300.jpg 300w, https:\/\/scherercortinas.com.br\/wp-content\/uploads\/2023\/03\/Cortina-Romana3-150x150.jpg 150w, https:\/\/scherercortinas.com.br\/wp-content\/uploads\/2023\/03\/Cortina-Romana3-768x768.jpg 768w, https:\/\/scherercortinas.com.br\/wp-content\/uploads\/2023\/03\/Cortina-Romana3-640x640.jpg 640w, https:\/\/scherercortinas.com.br\/wp-content\/uploads\/2023\/03\/Cortina-Romana3.jpg 800w\" sizes=\"(max-width: 300px) 100vw, 300px\" \/><\/a>\n\t\t\t<\/div><\/figure><figure class='gallery-item'>\n\t\t\t<div class='gallery-icon landscape'>\n\t\t\t\t<a href='https:\/\/scherercortinas.com.br\/wp-content\/uploads\/2023\/03\/Cortina-Romana4.jpg' rel=\"lightbox[gallery-0] lightbox-9\"><img loading=\"lazy\" decoding=\"async\" width=\"300\" height=\"300\" src=\"https:\/\/scherercortinas.com.br\/wp-content\/uploads\/2023\/03\/Cortina-Romana4-300x300.jpg\" class=\"attachment-medium size-medium\" alt=\"\" srcset=\"https:\/\/scherercortinas.com.br\/wp-content\/uploads\/2023\/03\/Cortina-Romana4-300x300.jpg 300w, https:\/\/scherercortinas.com.br\/wp-content\/uploads\/2023\/03\/Cortina-Romana4-150x150.jpg 150w, https:\/\/scherercortinas.com.br\/wp-content\/uploads\/2023\/03\/Cortina-Romana4-768x768.jpg 768w, https:\/\/scherercortinas.com.br\/wp-content\/uploads\/2023\/03\/Cortina-Romana4-640x640.jpg 640w, https:\/\/scherercortinas.com.br\/wp-content\/uploads\/2023\/03\/Cortina-Romana4.jpg 800w\" sizes=\"(max-width: 300px) 100vw, 300px\" \/><\/a>\n\t\t\t<\/div><\/figure><figure class='gallery-item'>\n\t\t\t<div class='gallery-icon landscape'>\n\t\t\t\t<a href='https:\/\/scherercortinas.com.br\/wp-content\/uploads\/2023\/03\/Cortina-Romana6.jpg' rel=\"lightbox[gallery-0] lightbox-10\"><img loading=\"lazy\" decoding=\"async\" width=\"300\" height=\"300\" src=\"https:\/\/scherercortinas.com.br\/wp-content\/uploads\/2023\/03\/Cortina-Romana6-300x300.jpg\" class=\"attachment-medium size-medium\" alt=\"\" srcset=\"https:\/\/scherercortinas.com.br\/wp-content\/uploads\/2023\/03\/Cortina-Romana6-300x300.jpg 300w, https:\/\/scherercortinas.com.br\/wp-content\/uploads\/2023\/03\/Cortina-Romana6-150x150.jpg 150w, https:\/\/scherercortinas.com.br\/wp-content\/uploads\/2023\/03\/Cortina-Romana6-768x768.jpg 768w, https:\/\/scherercortinas.com.br\/wp-content\/uploads\/2023\/03\/Cortina-Romana6-640x640.jpg 640w, https:\/\/scherercortinas.com.br\/wp-content\/uploads\/2023\/03\/Cortina-Romana6.jpg 800w\" sizes=\"(max-width: 300px) 100vw, 300px\" \/><\/a>\n\t\t\t<\/div><\/figure><figure class='gallery-item'>\n\t\t\t<div class='gallery-icon landscape'>\n\t\t\t\t<a href='https:\/\/scherercortinas.com.br\/wp-content\/uploads\/2023\/03\/Cortina-Romana7.jpg' rel=\"lightbox[gallery-0] lightbox-11\"><img loading=\"lazy\" decoding=\"async\" width=\"300\" height=\"300\" src=\"https:\/\/scherercortinas.com.br\/wp-content\/uploads\/2023\/03\/Cortina-Romana7-300x300.jpg\" class=\"attachment-medium size-medium\" alt=\"\" srcset=\"https:\/\/scherercortinas.com.br\/wp-content\/uploads\/2023\/03\/Cortina-Romana7-300x300.jpg 300w, https:\/\/scherercortinas.com.br\/wp-content\/uploads\/2023\/03\/Cortina-Romana7-150x150.jpg 150w, https:\/\/scherercortinas.com.br\/wp-content\/uploads\/2023\/03\/Cortina-Romana7-768x768.jpg 768w, https:\/\/scherercortinas.com.br\/wp-content\/uploads\/2023\/03\/Cortina-Romana7-640x640.jpg 640w, https:\/\/scherercortinas.com.br\/wp-content\/uploads\/2023\/03\/Cortina-Romana7.jpg 800w\" sizes=\"(max-width: 300px) 100vw, 300px\" \/><\/a>\n\t\t\t<\/div><\/figure><figure class='gallery-item'>\n\t\t\t<div class='gallery-icon landscape'>\n\t\t\t\t<a href='https:\/\/scherercortinas.com.br\/wp-content\/uploads\/2023\/03\/Cortina-Romana8.jpg' rel=\"lightbox[gallery-0] lightbox-12\"><img loading=\"lazy\" decoding=\"async\" width=\"300\" height=\"300\" src=\"https:\/\/scherercortinas.com.br\/wp-content\/uploads\/2023\/03\/Cortina-Romana8-300x300.jpg\" class=\"attachment-medium size-medium\" alt=\"\" srcset=\"https:\/\/scherercortinas.com.br\/wp-content\/uploads\/2023\/03\/Cortina-Romana8-300x300.jpg 300w, https:\/\/scherercortinas.com.br\/wp-content\/uploads\/2023\/03\/Cortina-Romana8-150x150.jpg 150w, https:\/\/scherercortinas.com.br\/wp-content\/uploads\/2023\/03\/Cortina-Romana8-768x768.jpg 768w, https:\/\/scherercortinas.com.br\/wp-content\/uploads\/2023\/03\/Cortina-Romana8-640x640.jpg 640w, https:\/\/scherercortinas.com.br\/wp-content\/uploads\/2023\/03\/Cortina-Romana8.jpg 800w\" sizes=\"(max-width: 300px) 100vw, 300px\" \/><\/a>\n\t\t\t<\/div><\/figure><figure class='gallery-item'>\n\t\t\t<div class='gallery-icon landscape'>\n\t\t\t\t<a href='https:\/\/scherercortinas.com.br\/wp-content\/uploads\/2023\/03\/Cortina-Romana9.jpg' rel=\"lightbox[gallery-0] lightbox-13\"><img loading=\"lazy\" decoding=\"async\" width=\"300\" height=\"300\" src=\"https:\/\/scherercortinas.com.br\/wp-content\/uploads\/2023\/03\/Cortina-Romana9-300x300.jpg\" class=\"attachment-medium size-medium\" alt=\"\" srcset=\"https:\/\/scherercortinas.com.br\/wp-content\/uploads\/2023\/03\/Cortina-Romana9-300x300.jpg 300w, https:\/\/scherercortinas.com.br\/wp-content\/uploads\/2023\/03\/Cortina-Romana9-150x150.jpg 150w, https:\/\/scherercortinas.com.br\/wp-content\/uploads\/2023\/03\/Cortina-Romana9-768x768.jpg 768w, https:\/\/scherercortinas.com.br\/wp-content\/uploads\/2023\/03\/Cortina-Romana9-640x640.jpg 640w, https:\/\/scherercortinas.com.br\/wp-content\/uploads\/2023\/03\/Cortina-Romana9.jpg 800w\" sizes=\"(max-width: 300px) 100vw, 300px\" \/><\/a>\n\t\t\t<\/div><\/figure><figure class='gallery-item'>\n\t\t\t<div class='gallery-icon landscape'>\n\t\t\t\t<a href='https:\/\/scherercortinas.com.br\/wp-content\/uploads\/2023\/03\/Cortina-Romana10.jpg' rel=\"lightbox[gallery-0] lightbox-14\"><img loading=\"lazy\" decoding=\"async\" width=\"300\" height=\"300\" src=\"https:\/\/scherercortinas.com.br\/wp-content\/uploads\/2023\/03\/Cortina-Romana10-300x300.jpg\" class=\"attachment-medium size-medium\" alt=\"\" srcset=\"https:\/\/scherercortinas.com.br\/wp-content\/uploads\/2023\/03\/Cortina-Romana10-300x300.jpg 300w, https:\/\/scherercortinas.com.br\/wp-content\/uploads\/2023\/03\/Cortina-Romana10-150x150.jpg 150w, https:\/\/scherercortinas.com.br\/wp-content\/uploads\/2023\/03\/Cortina-Romana10-768x768.jpg 768w, https:\/\/scherercortinas.com.br\/wp-content\/uploads\/2023\/03\/Cortina-Romana10-640x640.jpg 640w, https:\/\/scherercortinas.com.br\/wp-content\/uploads\/2023\/03\/Cortina-Romana10.jpg 800w\" sizes=\"(max-width: 300px) 100vw, 300px\" \/><\/a>\n\t\t\t<\/div><\/figure><figure class='gallery-item'>\n\t\t\t<div class='gallery-icon landscape'>\n\t\t\t\t<a href='https:\/\/scherercortinas.com.br\/wp-content\/uploads\/2023\/03\/Cortina-Romana11.jpg' rel=\"lightbox[gallery-0] lightbox-15\"><img loading=\"lazy\" decoding=\"async\" width=\"300\" height=\"300\" src=\"https:\/\/scherercortinas.com.br\/wp-content\/uploads\/2023\/03\/Cortina-Romana11-300x300.jpg\" class=\"attachment-medium size-medium\" alt=\"\" srcset=\"https:\/\/scherercortinas.com.br\/wp-content\/uploads\/2023\/03\/Cortina-Romana11-300x300.jpg 300w, https:\/\/scherercortinas.com.br\/wp-content\/uploads\/2023\/03\/Cortina-Romana11-150x150.jpg 150w, https:\/\/scherercortinas.com.br\/wp-content\/uploads\/2023\/03\/Cortina-Romana11-768x768.jpg 768w, https:\/\/scherercortinas.com.br\/wp-content\/uploads\/2023\/03\/Cortina-Romana11-640x640.jpg 640w, https:\/\/scherercortinas.com.br\/wp-content\/uploads\/2023\/03\/Cortina-Romana11.jpg 800w\" sizes=\"(max-width: 300px) 100vw, 300px\" \/><\/a>\n\t\t\t<\/div><\/figure><figure class='gallery-item'>\n\t\t\t<div class='gallery-icon landscape'>\n\t\t\t\t<a href='https:\/\/scherercortinas.com.br\/wp-content\/uploads\/2023\/03\/Cortina-Romana12.jpg' rel=\"lightbox[gallery-0] lightbox-16\"><img loading=\"lazy\" decoding=\"async\" width=\"300\" height=\"300\" src=\"https:\/\/scherercortinas.com.br\/wp-content\/uploads\/2023\/03\/Cortina-Romana12-300x300.jpg\" class=\"attachment-medium size-medium\" alt=\"\" srcset=\"https:\/\/scherercortinas.com.br\/wp-content\/uploads\/2023\/03\/Cortina-Romana12-300x300.jpg 300w, https:\/\/scherercortinas.com.br\/wp-content\/uploads\/2023\/03\/Cortina-Romana12-150x150.jpg 150w, https:\/\/scherercortinas.com.br\/wp-content\/uploads\/2023\/03\/Cortina-Romana12-768x768.jpg 768w, https:\/\/scherercortinas.com.br\/wp-content\/uploads\/2023\/03\/Cortina-Romana12-640x640.jpg 640w, https:\/\/scherercortinas.com.br\/wp-content\/uploads\/2023\/03\/Cortina-Romana12.jpg 800w\" sizes=\"(max-width: 300px) 100vw, 300px\" \/><\/a>\n\t\t\t<\/div><\/figure><figure class='gallery-item'>\n\t\t\t<div class='gallery-icon landscape'>\n\t\t\t\t<a href='https:\/\/scherercortinas.com.br\/wp-content\/uploads\/2023\/03\/Cortina-Romana13.jpg' rel=\"lightbox[gallery-0] lightbox-17\"><img loading=\"lazy\" decoding=\"async\" width=\"300\" height=\"300\" src=\"https:\/\/scherercortinas.com.br\/wp-content\/uploads\/2023\/03\/Cortina-Romana13-300x300.jpg\" class=\"attachment-medium size-medium\" alt=\"\" srcset=\"https:\/\/scherercortinas.com.br\/wp-content\/uploads\/2023\/03\/Cortina-Romana13-300x300.jpg 300w, https:\/\/scherercortinas.com.br\/wp-content\/uploads\/2023\/03\/Cortina-Romana13-150x150.jpg 150w, https:\/\/scherercortinas.com.br\/wp-content\/uploads\/2023\/03\/Cortina-Romana13-768x768.jpg 768w, https:\/\/scherercortinas.com.br\/wp-content\/uploads\/2023\/03\/Cortina-Romana13-640x640.jpg 640w, https:\/\/scherercortinas.com.br\/wp-content\/uploads\/2023\/03\/Cortina-Romana13.jpg 800w\" sizes=\"(max-width: 300px) 100vw, 300px\" \/><\/a>\n\t\t\t<\/div><\/figure><figure class='gallery-item'>\n\t\t\t<div class='gallery-icon landscape'>\n\t\t\t\t<a href='https:\/\/scherercortinas.com.br\/wp-content\/uploads\/2023\/03\/Cortina-Rolo1.jpg' rel=\"lightbox[gallery-0] lightbox-18\"><img loading=\"lazy\" decoding=\"async\" width=\"300\" height=\"300\" src=\"https:\/\/scherercortinas.com.br\/wp-content\/uploads\/2023\/03\/Cortina-Rolo1-300x300.jpg\" class=\"attachment-medium size-medium\" alt=\"\" srcset=\"https:\/\/scherercortinas.com.br\/wp-content\/uploads\/2023\/03\/Cortina-Rolo1-300x300.jpg 300w, https:\/\/scherercortinas.com.br\/wp-content\/uploads\/2023\/03\/Cortina-Rolo1-150x150.jpg 150w, https:\/\/scherercortinas.com.br\/wp-content\/uploads\/2023\/03\/Cortina-Rolo1-768x768.jpg 768w, https:\/\/scherercortinas.com.br\/wp-content\/uploads\/2023\/03\/Cortina-Rolo1-640x640.jpg 640w, https:\/\/scherercortinas.com.br\/wp-content\/uploads\/2023\/03\/Cortina-Rolo1.jpg 800w\" sizes=\"(max-width: 300px) 100vw, 300px\" \/><\/a>\n\t\t\t<\/div><\/figure><figure class='gallery-item'>\n\t\t\t<div class='gallery-icon landscape'>\n\t\t\t\t<a href='https:\/\/scherercortinas.com.br\/wp-content\/uploads\/2023\/03\/Cortina-Romana2.jpg' rel=\"lightbox[gallery-0] lightbox-19\"><img loading=\"lazy\" decoding=\"async\" width=\"300\" height=\"300\" src=\"https:\/\/scherercortinas.com.br\/wp-content\/uploads\/2023\/03\/Cortina-Romana2-300x300.jpg\" class=\"attachment-medium size-medium\" alt=\"\" srcset=\"https:\/\/scherercortinas.com.br\/wp-content\/uploads\/2023\/03\/Cortina-Romana2-300x300.jpg 300w, https:\/\/scherercortinas.com.br\/wp-content\/uploads\/2023\/03\/Cortina-Romana2-150x150.jpg 150w, https:\/\/scherercortinas.com.br\/wp-content\/uploads\/2023\/03\/Cortina-Romana2-768x768.jpg 768w, https:\/\/scherercortinas.com.br\/wp-content\/uploads\/2023\/03\/Cortina-Romana2-640x640.jpg 640w, https:\/\/scherercortinas.com.br\/wp-content\/uploads\/2023\/03\/Cortina-Romana2.jpg 800w\" sizes=\"(max-width: 300px) 100vw, 300px\" \/><\/a>\n\t\t\t<\/div><\/figure>\n\t\t<\/div>\n\r\n\r\n[\/vc_column_text][\/vc_column][\/vc_row]\t\t\t\t\t\t\t\t<\/div>\n\t\t\t\t<\/div>\n\t\t\t\t\t<\/div>\n\t\t<\/div>\n\t\t\t\t\t<\/div>\n\t\t<\/section>\n\t\t\t\t<section class=\"elementor-section elementor-top-section elementor-element elementor-element-a34093e elementor-section-stretched elementor-section-boxed elementor-section-height-default elementor-section-height-default\" data-id=\"a34093e\" data-element_type=\"section\" data-e-type=\"section\" data-settings=\"{&quot;stretch_section&quot;:&quot;section-stretched&quot;}\">\n\t\t\t\t\t\t<div class=\"elementor-container elementor-column-gap-default\">\n\t\t\t\t\t<div class=\"elementor-column elementor-col-100 elementor-top-column elementor-element elementor-element-62b7a96\" data-id=\"62b7a96\" data-element_type=\"column\" data-e-type=\"column\">\n\t\t\t<div class=\"elementor-widget-wrap\">\n\t\t\t\t\t\t\t<\/div>\n\t\t<\/div>\n\t\t\t\t\t<\/div>\n\t\t<\/section>\n\t\t\t\t<\/div>\n\t\t","protected":false},"excerpt":{"rendered":"<p>[vc_row full_width=&#8221;stretch_row_content_no_spaces&#8221; css=&#8221;.vc_custom_1621433046390{background-color: #674078 !important;}&#8221;][vc_column][\/vc_column][\/vc_row][vc_row][vc_column][vc_column_text css_animation=&#8221;fadeInUp&#8221;] PERSIANAS ROMANAS [\/vc_column_text][vc_column_text css_animation=&#8221;fadeInUp&#8221; css=&#8221;.vc_custom_1679506116743{margin-bottom: 10px !important;}&#8221;]As Persianas Romanas s\u00e3o modernas, de grande eleg\u00e2ncia e movimento \u00fanico. Apresentam grande gama de tecidos e algumas op\u00e7\u00f5es de cores com toque fino que lhe d\u00e3o o perfeito controle da intensidade da luz. Seu ambiente ficar\u00e1 completamente em sintonia, \u00e9 maravilhoso![\/vc_column_text][vc_column_text css_animation=&#8221;fadeInUp&#8221;] [&hellip;]<\/p>\n","protected":false},"author":2,"featured_media":0,"parent":0,"menu_order":0,"comment_status":"closed","ping_status":"closed","template":"","meta":{"footnotes":""},"class_list":["post-1779","page","type-page","status-publish","hentry"],"_links":{"self":[{"href":"https:\/\/scherercortinas.com.br\/index.php\/wp-json\/wp\/v2\/pages\/1779","targetHints":{"allow":["GET"]}}],"collection":[{"href":"https:\/\/scherercortinas.com.br\/index.php\/wp-json\/wp\/v2\/pages"}],"about":[{"href":"https:\/\/scherercortinas.com.br\/index.php\/wp-json\/wp\/v2\/types\/page"}],"author":[{"embeddable":true,"href":"https:\/\/scherercortinas.com.br\/index.php\/wp-json\/wp\/v2\/users\/2"}],"replies":[{"embeddable":true,"href":"https:\/\/scherercortinas.com.br\/index.php\/wp-json\/wp\/v2\/comments?post=1779"}],"version-history":[{"count":11,"href":"https:\/\/scherercortinas.com.br\/index.php\/wp-json\/wp\/v2\/pages\/1779\/revisions"}],"predecessor-version":[{"id":2371,"href":"https:\/\/scherercortinas.com.br\/index.php\/wp-json\/wp\/v2\/pages\/1779\/revisions\/2371"}],"wp:attachment":[{"href":"https:\/\/scherercortinas.com.br\/index.php\/wp-json\/wp\/v2\/media?parent=1779"}],"curies":[{"name":"wp","href":"https:\/\/api.w.org\/{rel}","templated":true}]}}