{"id":1790,"date":"2021-05-19T11:24:19","date_gmt":"2021-05-19T14:24:19","guid":{"rendered":"https:\/\/scherercortinas.com.br\/novosite\/?page_id=1790"},"modified":"2024-10-15T15:18:22","modified_gmt":"2024-10-15T18:18:22","slug":"rolo","status":"publish","type":"page","link":"https:\/\/scherercortinas.com.br\/index.php\/rolo\/","title":{"rendered":"Rol\u00f4"},"content":{"rendered":"\t\t<div data-elementor-type=\"wp-page\" data-elementor-id=\"1790\" class=\"elementor elementor-1790\" data-elementor-post-type=\"page\">\n\t\t\t\t\t\t<section class=\"elementor-section elementor-top-section elementor-element elementor-element-7065468f elementor-section-boxed elementor-section-height-default elementor-section-height-default\" data-id=\"7065468f\" data-element_type=\"section\" data-e-type=\"section\">\n\t\t\t\t\t\t<div class=\"elementor-container elementor-column-gap-default\">\n\t\t\t\t\t<div class=\"elementor-column elementor-col-100 elementor-top-column elementor-element elementor-element-35e94928\" data-id=\"35e94928\" data-element_type=\"column\" data-e-type=\"column\">\n\t\t\t<div class=\"elementor-widget-wrap elementor-element-populated\">\n\t\t\t\t\t\t<div class=\"elementor-element elementor-element-1690dd18 elementor-widget elementor-widget-text-editor\" data-id=\"1690dd18\" data-element_type=\"widget\" data-e-type=\"widget\" data-widget_type=\"text-editor.default\">\n\t\t\t\t<div class=\"elementor-widget-container\">\n\t\t\t\t\t\t\t\t\t[vc_row full_width=&#8221;stretch_row_content_no_spaces&#8221; css=&#8221;.vc_custom_1621434108117{background-color: #674078 !important;}&#8221;][vc_column][\/vc_column][\/vc_row][vc_row][vc_column][vc_column_text css_animation=&#8221;fadeInUp&#8221;]\r\n<h2><strong>PERSIANAS ROL\u00d4<\/strong><\/h2>\r\n[\/vc_column_text][vc_column_text css_animation=&#8221;fadeInUp&#8221; css=&#8221;.vc_custom_1679506383343{margin-bottom: 10px !important;}&#8221;]<span style=\"color: #000;\">A persiana rol\u00f4 \u00e9 um produto que \u00e9 pr\u00e1tico e excelente pois se destaca por sua praticidade de manuseio e manuten\u00e7\u00e3o. Linhas retas com muito charme e eleg\u00e2ncia, tendo uma linha de tecidos que deixam um ambiente slim .Possui v\u00e1rias cores e prote\u00e7\u00f5es do transl\u00facido ao blackout total.<\/span>[\/vc_column_text][vc_column_text css_animation=&#8221;fadeInUp&#8221;]\r\n\r\n<div id='gallery-1' class='gallery galleryid-1790 gallery-columns-4 gallery-size-medium'><figure class='gallery-item'>\n\t\t\t<div class='gallery-icon landscape'>\n\t\t\t\t<a href='https:\/\/scherercortinas.com.br\/wp-content\/uploads\/2021\/05\/06-9.jpg' rel=\"lightbox[gallery-0] lightbox-0\"><img fetchpriority=\"high\" decoding=\"async\" width=\"300\" height=\"300\" src=\"https:\/\/scherercortinas.com.br\/wp-content\/uploads\/2021\/05\/06-9-300x300.jpg\" class=\"attachment-medium size-medium\" alt=\"\" srcset=\"https:\/\/scherercortinas.com.br\/wp-content\/uploads\/2021\/05\/06-9-300x300.jpg 300w, https:\/\/scherercortinas.com.br\/wp-content\/uploads\/2021\/05\/06-9-150x150.jpg 150w, https:\/\/scherercortinas.com.br\/wp-content\/uploads\/2021\/05\/06-9-768x768.jpg 768w, https:\/\/scherercortinas.com.br\/wp-content\/uploads\/2021\/05\/06-9-640x640.jpg 640w, https:\/\/scherercortinas.com.br\/wp-content\/uploads\/2021\/05\/06-9.jpg 800w\" sizes=\"(max-width: 300px) 100vw, 300px\" \/><\/a>\n\t\t\t<\/div><\/figure><figure class='gallery-item'>\n\t\t\t<div class='gallery-icon landscape'>\n\t\t\t\t<a href='https:\/\/scherercortinas.com.br\/wp-content\/uploads\/2021\/05\/07-8.jpg' rel=\"lightbox[gallery-0] lightbox-1\"><img decoding=\"async\" width=\"300\" height=\"300\" src=\"https:\/\/scherercortinas.com.br\/wp-content\/uploads\/2021\/05\/07-8-300x300.jpg\" class=\"attachment-medium size-medium\" alt=\"\" srcset=\"https:\/\/scherercortinas.com.br\/wp-content\/uploads\/2021\/05\/07-8-300x300.jpg 300w, https:\/\/scherercortinas.com.br\/wp-content\/uploads\/2021\/05\/07-8-150x150.jpg 150w, https:\/\/scherercortinas.com.br\/wp-content\/uploads\/2021\/05\/07-8-768x768.jpg 768w, https:\/\/scherercortinas.com.br\/wp-content\/uploads\/2021\/05\/07-8-640x640.jpg 640w, https:\/\/scherercortinas.com.br\/wp-content\/uploads\/2021\/05\/07-8.jpg 800w\" sizes=\"(max-width: 300px) 100vw, 300px\" \/><\/a>\n\t\t\t<\/div><\/figure><figure class='gallery-item'>\n\t\t\t<div class='gallery-icon landscape'>\n\t\t\t\t<a href='https:\/\/scherercortinas.com.br\/wp-content\/uploads\/2021\/05\/08-7.jpg' rel=\"lightbox[gallery-0] lightbox-2\"><img decoding=\"async\" width=\"300\" height=\"300\" src=\"https:\/\/scherercortinas.com.br\/wp-content\/uploads\/2021\/05\/08-7-300x300.jpg\" class=\"attachment-medium size-medium\" alt=\"\" srcset=\"https:\/\/scherercortinas.com.br\/wp-content\/uploads\/2021\/05\/08-7-300x300.jpg 300w, https:\/\/scherercortinas.com.br\/wp-content\/uploads\/2021\/05\/08-7-150x150.jpg 150w, https:\/\/scherercortinas.com.br\/wp-content\/uploads\/2021\/05\/08-7-768x768.jpg 768w, https:\/\/scherercortinas.com.br\/wp-content\/uploads\/2021\/05\/08-7-640x640.jpg 640w, https:\/\/scherercortinas.com.br\/wp-content\/uploads\/2021\/05\/08-7.jpg 800w\" sizes=\"(max-width: 300px) 100vw, 300px\" \/><\/a>\n\t\t\t<\/div><\/figure><figure class='gallery-item'>\n\t\t\t<div class='gallery-icon landscape'>\n\t\t\t\t<a href='https:\/\/scherercortinas.com.br\/wp-content\/uploads\/2021\/05\/01-15.jpg' rel=\"lightbox[gallery-0] lightbox-3\"><img loading=\"lazy\" decoding=\"async\" width=\"300\" height=\"300\" src=\"https:\/\/scherercortinas.com.br\/wp-content\/uploads\/2021\/05\/01-15-300x300.jpg\" class=\"attachment-medium size-medium\" alt=\"\" srcset=\"https:\/\/scherercortinas.com.br\/wp-content\/uploads\/2021\/05\/01-15-300x300.jpg 300w, https:\/\/scherercortinas.com.br\/wp-content\/uploads\/2021\/05\/01-15-150x150.jpg 150w, https:\/\/scherercortinas.com.br\/wp-content\/uploads\/2021\/05\/01-15-768x768.jpg 768w, https:\/\/scherercortinas.com.br\/wp-content\/uploads\/2021\/05\/01-15-640x640.jpg 640w, https:\/\/scherercortinas.com.br\/wp-content\/uploads\/2021\/05\/01-15.jpg 800w\" sizes=\"(max-width: 300px) 100vw, 300px\" \/><\/a>\n\t\t\t<\/div><\/figure><figure class='gallery-item'>\n\t\t\t<div class='gallery-icon landscape'>\n\t\t\t\t<a href='https:\/\/scherercortinas.com.br\/wp-content\/uploads\/2021\/05\/02-15.jpg' rel=\"lightbox[gallery-0] lightbox-4\"><img loading=\"lazy\" decoding=\"async\" width=\"300\" height=\"300\" src=\"https:\/\/scherercortinas.com.br\/wp-content\/uploads\/2021\/05\/02-15-300x300.jpg\" class=\"attachment-medium size-medium\" alt=\"\" srcset=\"https:\/\/scherercortinas.com.br\/wp-content\/uploads\/2021\/05\/02-15-300x300.jpg 300w, https:\/\/scherercortinas.com.br\/wp-content\/uploads\/2021\/05\/02-15-150x150.jpg 150w, https:\/\/scherercortinas.com.br\/wp-content\/uploads\/2021\/05\/02-15-768x768.jpg 768w, https:\/\/scherercortinas.com.br\/wp-content\/uploads\/2021\/05\/02-15-640x640.jpg 640w, https:\/\/scherercortinas.com.br\/wp-content\/uploads\/2021\/05\/02-15.jpg 800w\" sizes=\"(max-width: 300px) 100vw, 300px\" \/><\/a>\n\t\t\t<\/div><\/figure><figure class='gallery-item'>\n\t\t\t<div class='gallery-icon landscape'>\n\t\t\t\t<a href='https:\/\/scherercortinas.com.br\/wp-content\/uploads\/2021\/05\/03-15.jpg' rel=\"lightbox[gallery-0] lightbox-5\"><img loading=\"lazy\" decoding=\"async\" width=\"300\" height=\"300\" src=\"https:\/\/scherercortinas.com.br\/wp-content\/uploads\/2021\/05\/03-15-300x300.jpg\" class=\"attachment-medium size-medium\" alt=\"\" srcset=\"https:\/\/scherercortinas.com.br\/wp-content\/uploads\/2021\/05\/03-15-300x300.jpg 300w, https:\/\/scherercortinas.com.br\/wp-content\/uploads\/2021\/05\/03-15-150x150.jpg 150w, https:\/\/scherercortinas.com.br\/wp-content\/uploads\/2021\/05\/03-15-768x768.jpg 768w, https:\/\/scherercortinas.com.br\/wp-content\/uploads\/2021\/05\/03-15-640x640.jpg 640w, https:\/\/scherercortinas.com.br\/wp-content\/uploads\/2021\/05\/03-15.jpg 800w\" sizes=\"(max-width: 300px) 100vw, 300px\" \/><\/a>\n\t\t\t<\/div><\/figure><figure class='gallery-item'>\n\t\t\t<div class='gallery-icon landscape'>\n\t\t\t\t<a href='https:\/\/scherercortinas.com.br\/wp-content\/uploads\/2021\/05\/04-14.jpg' rel=\"lightbox[gallery-0] lightbox-6\"><img loading=\"lazy\" decoding=\"async\" width=\"300\" height=\"300\" src=\"https:\/\/scherercortinas.com.br\/wp-content\/uploads\/2021\/05\/04-14-300x300.jpg\" class=\"attachment-medium size-medium\" alt=\"\" srcset=\"https:\/\/scherercortinas.com.br\/wp-content\/uploads\/2021\/05\/04-14-300x300.jpg 300w, https:\/\/scherercortinas.com.br\/wp-content\/uploads\/2021\/05\/04-14-150x150.jpg 150w, https:\/\/scherercortinas.com.br\/wp-content\/uploads\/2021\/05\/04-14-768x768.jpg 768w, https:\/\/scherercortinas.com.br\/wp-content\/uploads\/2021\/05\/04-14-640x640.jpg 640w, https:\/\/scherercortinas.com.br\/wp-content\/uploads\/2021\/05\/04-14.jpg 800w\" sizes=\"(max-width: 300px) 100vw, 300px\" \/><\/a>\n\t\t\t<\/div><\/figure><figure class='gallery-item'>\n\t\t\t<div class='gallery-icon landscape'>\n\t\t\t\t<a href='https:\/\/scherercortinas.com.br\/wp-content\/uploads\/2021\/05\/05-9.jpg' rel=\"lightbox[gallery-0] lightbox-7\"><img loading=\"lazy\" decoding=\"async\" width=\"300\" height=\"300\" src=\"https:\/\/scherercortinas.com.br\/wp-content\/uploads\/2021\/05\/05-9-300x300.jpg\" class=\"attachment-medium size-medium\" alt=\"\" srcset=\"https:\/\/scherercortinas.com.br\/wp-content\/uploads\/2021\/05\/05-9-300x300.jpg 300w, https:\/\/scherercortinas.com.br\/wp-content\/uploads\/2021\/05\/05-9-150x150.jpg 150w, https:\/\/scherercortinas.com.br\/wp-content\/uploads\/2021\/05\/05-9-768x768.jpg 768w, https:\/\/scherercortinas.com.br\/wp-content\/uploads\/2021\/05\/05-9-640x640.jpg 640w, https:\/\/scherercortinas.com.br\/wp-content\/uploads\/2021\/05\/05-9.jpg 800w\" sizes=\"(max-width: 300px) 100vw, 300px\" \/><\/a>\n\t\t\t<\/div><\/figure><figure class='gallery-item'>\n\t\t\t<div class='gallery-icon landscape'>\n\t\t\t\t<a href='https:\/\/scherercortinas.com.br\/wp-content\/uploads\/2023\/03\/Cortina-Rolo2.jpg' rel=\"lightbox[gallery-0] lightbox-8\"><img loading=\"lazy\" decoding=\"async\" width=\"300\" height=\"300\" src=\"https:\/\/scherercortinas.com.br\/wp-content\/uploads\/2023\/03\/Cortina-Rolo2-300x300.jpg\" class=\"attachment-medium size-medium\" alt=\"\" srcset=\"https:\/\/scherercortinas.com.br\/wp-content\/uploads\/2023\/03\/Cortina-Rolo2-300x300.jpg 300w, https:\/\/scherercortinas.com.br\/wp-content\/uploads\/2023\/03\/Cortina-Rolo2-150x150.jpg 150w, https:\/\/scherercortinas.com.br\/wp-content\/uploads\/2023\/03\/Cortina-Rolo2-768x768.jpg 768w, https:\/\/scherercortinas.com.br\/wp-content\/uploads\/2023\/03\/Cortina-Rolo2-640x640.jpg 640w, https:\/\/scherercortinas.com.br\/wp-content\/uploads\/2023\/03\/Cortina-Rolo2.jpg 800w\" sizes=\"(max-width: 300px) 100vw, 300px\" \/><\/a>\n\t\t\t<\/div><\/figure><figure class='gallery-item'>\n\t\t\t<div class='gallery-icon landscape'>\n\t\t\t\t<a href='https:\/\/scherercortinas.com.br\/wp-content\/uploads\/2023\/03\/Cortina-Rolo3.jpg' rel=\"lightbox[gallery-0] lightbox-9\"><img loading=\"lazy\" decoding=\"async\" width=\"300\" height=\"300\" src=\"https:\/\/scherercortinas.com.br\/wp-content\/uploads\/2023\/03\/Cortina-Rolo3-300x300.jpg\" class=\"attachment-medium size-medium\" alt=\"\" srcset=\"https:\/\/scherercortinas.com.br\/wp-content\/uploads\/2023\/03\/Cortina-Rolo3-300x300.jpg 300w, https:\/\/scherercortinas.com.br\/wp-content\/uploads\/2023\/03\/Cortina-Rolo3-150x150.jpg 150w, https:\/\/scherercortinas.com.br\/wp-content\/uploads\/2023\/03\/Cortina-Rolo3-768x768.jpg 768w, https:\/\/scherercortinas.com.br\/wp-content\/uploads\/2023\/03\/Cortina-Rolo3-640x640.jpg 640w, https:\/\/scherercortinas.com.br\/wp-content\/uploads\/2023\/03\/Cortina-Rolo3.jpg 800w\" sizes=\"(max-width: 300px) 100vw, 300px\" \/><\/a>\n\t\t\t<\/div><\/figure><figure class='gallery-item'>\n\t\t\t<div class='gallery-icon landscape'>\n\t\t\t\t<a href='https:\/\/scherercortinas.com.br\/wp-content\/uploads\/2023\/03\/Cortina-Rolo4.jpg' rel=\"lightbox[gallery-0] lightbox-10\"><img loading=\"lazy\" decoding=\"async\" width=\"300\" height=\"300\" src=\"https:\/\/scherercortinas.com.br\/wp-content\/uploads\/2023\/03\/Cortina-Rolo4-300x300.jpg\" class=\"attachment-medium size-medium\" alt=\"\" srcset=\"https:\/\/scherercortinas.com.br\/wp-content\/uploads\/2023\/03\/Cortina-Rolo4-300x300.jpg 300w, https:\/\/scherercortinas.com.br\/wp-content\/uploads\/2023\/03\/Cortina-Rolo4-150x150.jpg 150w, https:\/\/scherercortinas.com.br\/wp-content\/uploads\/2023\/03\/Cortina-Rolo4-768x768.jpg 768w, https:\/\/scherercortinas.com.br\/wp-content\/uploads\/2023\/03\/Cortina-Rolo4-640x640.jpg 640w, https:\/\/scherercortinas.com.br\/wp-content\/uploads\/2023\/03\/Cortina-Rolo4.jpg 800w\" sizes=\"(max-width: 300px) 100vw, 300px\" \/><\/a>\n\t\t\t<\/div><\/figure><figure class='gallery-item'>\n\t\t\t<div class='gallery-icon landscape'>\n\t\t\t\t<a href='https:\/\/scherercortinas.com.br\/wp-content\/uploads\/2023\/03\/Cortina-Rolo1-1.jpg' rel=\"lightbox[gallery-0] lightbox-11\"><img loading=\"lazy\" decoding=\"async\" width=\"300\" height=\"300\" src=\"https:\/\/scherercortinas.com.br\/wp-content\/uploads\/2023\/03\/Cortina-Rolo1-1-300x300.jpg\" class=\"attachment-medium size-medium\" alt=\"\" srcset=\"https:\/\/scherercortinas.com.br\/wp-content\/uploads\/2023\/03\/Cortina-Rolo1-1-300x300.jpg 300w, https:\/\/scherercortinas.com.br\/wp-content\/uploads\/2023\/03\/Cortina-Rolo1-1-150x150.jpg 150w, https:\/\/scherercortinas.com.br\/wp-content\/uploads\/2023\/03\/Cortina-Rolo1-1-768x768.jpg 768w, https:\/\/scherercortinas.com.br\/wp-content\/uploads\/2023\/03\/Cortina-Rolo1-1-640x640.jpg 640w, https:\/\/scherercortinas.com.br\/wp-content\/uploads\/2023\/03\/Cortina-Rolo1-1.jpg 800w\" sizes=\"(max-width: 300px) 100vw, 300px\" \/><\/a>\n\t\t\t<\/div><\/figure>\n\t\t<\/div>\n\r\n\r\n[\/vc_column_text][\/vc_column][\/vc_row]\t\t\t\t\t\t\t\t<\/div>\n\t\t\t\t<\/div>\n\t\t\t\t\t<\/div>\n\t\t<\/div>\n\t\t\t\t\t<\/div>\n\t\t<\/section>\n\t\t\t\t<section class=\"elementor-section elementor-top-section elementor-element elementor-element-814ee22 elementor-section-stretched elementor-section-boxed elementor-section-height-default elementor-section-height-default\" data-id=\"814ee22\" data-element_type=\"section\" data-e-type=\"section\" data-settings=\"{&quot;stretch_section&quot;:&quot;section-stretched&quot;}\">\n\t\t\t\t\t\t<div class=\"elementor-container elementor-column-gap-default\">\n\t\t\t\t\t<div class=\"elementor-column elementor-col-100 elementor-top-column elementor-element elementor-element-ee3ba59\" data-id=\"ee3ba59\" data-element_type=\"column\" data-e-type=\"column\">\n\t\t\t<div class=\"elementor-widget-wrap\">\n\t\t\t\t\t\t\t<\/div>\n\t\t<\/div>\n\t\t\t\t\t<\/div>\n\t\t<\/section>\n\t\t\t\t<\/div>\n\t\t","protected":false},"excerpt":{"rendered":"<p>[vc_row full_width=&#8221;stretch_row_content_no_spaces&#8221; css=&#8221;.vc_custom_1621434108117{background-color: #674078 !important;}&#8221;][vc_column][\/vc_column][\/vc_row][vc_row][vc_column][vc_column_text css_animation=&#8221;fadeInUp&#8221;] PERSIANAS ROL\u00d4 [\/vc_column_text][vc_column_text css_animation=&#8221;fadeInUp&#8221; css=&#8221;.vc_custom_1679506383343{margin-bottom: 10px !important;}&#8221;]A persiana rol\u00f4 \u00e9 um produto que \u00e9 pr\u00e1tico e excelente pois se destaca por sua praticidade de manuseio e manuten\u00e7\u00e3o. Linhas retas com muito charme e eleg\u00e2ncia, tendo uma linha de tecidos que deixam um ambiente slim .Possui v\u00e1rias cores e prote\u00e7\u00f5es [&hellip;]<\/p>\n","protected":false},"author":2,"featured_media":0,"parent":0,"menu_order":0,"comment_status":"closed","ping_status":"closed","template":"","meta":{"footnotes":""},"class_list":["post-1790","page","type-page","status-publish","hentry"],"_links":{"self":[{"href":"https:\/\/scherercortinas.com.br\/index.php\/wp-json\/wp\/v2\/pages\/1790","targetHints":{"allow":["GET"]}}],"collection":[{"href":"https:\/\/scherercortinas.com.br\/index.php\/wp-json\/wp\/v2\/pages"}],"about":[{"href":"https:\/\/scherercortinas.com.br\/index.php\/wp-json\/wp\/v2\/types\/page"}],"author":[{"embeddable":true,"href":"https:\/\/scherercortinas.com.br\/index.php\/wp-json\/wp\/v2\/users\/2"}],"replies":[{"embeddable":true,"href":"https:\/\/scherercortinas.com.br\/index.php\/wp-json\/wp\/v2\/comments?post=1790"}],"version-history":[{"count":11,"href":"https:\/\/scherercortinas.com.br\/index.php\/wp-json\/wp\/v2\/pages\/1790\/revisions"}],"predecessor-version":[{"id":2380,"href":"https:\/\/scherercortinas.com.br\/index.php\/wp-json\/wp\/v2\/pages\/1790\/revisions\/2380"}],"wp:attachment":[{"href":"https:\/\/scherercortinas.com.br\/index.php\/wp-json\/wp\/v2\/media?parent=1790"}],"curies":[{"name":"wp","href":"https:\/\/api.w.org\/{rel}","templated":true}]}}