{"id":1802,"date":"2021-05-19T11:32:31","date_gmt":"2021-05-19T14:32:31","guid":{"rendered":"https:\/\/scherercortinas.com.br\/novosite\/?page_id=1802"},"modified":"2024-10-15T15:10:48","modified_gmt":"2024-10-15T18:10:48","slug":"celular","status":"publish","type":"page","link":"https:\/\/scherercortinas.com.br\/index.php\/celular\/","title":{"rendered":"Celular"},"content":{"rendered":"\t\t<div data-elementor-type=\"wp-page\" data-elementor-id=\"1802\" class=\"elementor elementor-1802\" data-elementor-post-type=\"page\">\n\t\t\t\t\t\t<section class=\"elementor-section elementor-top-section elementor-element elementor-element-43868f44 elementor-section-boxed elementor-section-height-default elementor-section-height-default\" data-id=\"43868f44\" data-element_type=\"section\" data-e-type=\"section\">\n\t\t\t\t\t\t<div class=\"elementor-container elementor-column-gap-default\">\n\t\t\t\t\t<div class=\"elementor-column elementor-col-100 elementor-top-column elementor-element elementor-element-4b251502\" data-id=\"4b251502\" data-element_type=\"column\" data-e-type=\"column\">\n\t\t\t<div class=\"elementor-widget-wrap elementor-element-populated\">\n\t\t\t\t\t\t<div class=\"elementor-element elementor-element-26676c40 elementor-widget elementor-widget-text-editor\" data-id=\"26676c40\" data-element_type=\"widget\" data-e-type=\"widget\" data-widget_type=\"text-editor.default\">\n\t\t\t\t<div class=\"elementor-widget-container\">\n\t\t\t\t\t\t\t\t\t[vc_row full_width=&#8221;stretch_row_content_no_spaces&#8221; css=&#8221;.vc_custom_1621434550686{background-color: #674078 !important;}&#8221;][vc_column][\/vc_column][\/vc_row][vc_row][vc_column][vc_column_text]\r\n<h2><strong>PERSIANAS CELULAR<\/strong><\/h2>\r\n[\/vc_column_text][vc_column_text css_animation=&#8221;fadeInUp&#8221; css=&#8221;.vc_custom_1679506604407{margin-bottom: 10px !important;}&#8221;]<span style=\"color: #000;\">Na segunda guerra mundial onde precisavam de paredes ac\u00fasticas e t\u00e9rmicas usadas por causa das explos\u00f5es e clima in\u00f3spito, assim surge uma op\u00e7\u00e3o para persianas, uma persiana linda e vers\u00e1til ao mesmo tempo incr\u00edvel de ac\u00fastica e movimento \u00edmpar. As medidas do formato de c\u00e9lulas v\u00e3o 25 mil\u00edmetros, 38 at\u00e9 45 mil\u00edmetros. Assim podendo ser ajustado medida ao ambiente deixando tudo em harmonia. Seus tecidos s\u00e3o compostos por tecnologia de ponta. Tecidos transl\u00facidos e blackout que supri sua necessidade e conforto. Quando recolhida fica quase que impercept\u00edvel seu formato possibilitando pouco volume<\/span>[\/vc_column_text][\/vc_column][\/vc_row][vc_row][vc_column][vc_column_text]\r\n\r\n<div id='gallery-1' class='gallery galleryid-1802 gallery-columns-4 gallery-size-medium'><figure class='gallery-item'>\n\t\t\t<div class='gallery-icon landscape'>\n\t\t\t\t<a href='https:\/\/scherercortinas.com.br\/wp-content\/uploads\/2021\/05\/04-15.jpg' rel=\"lightbox[gallery-0] lightbox-0\"><img fetchpriority=\"high\" decoding=\"async\" width=\"300\" height=\"300\" src=\"https:\/\/scherercortinas.com.br\/wp-content\/uploads\/2021\/05\/04-15-300x300.jpg\" class=\"attachment-medium size-medium\" alt=\"\" srcset=\"https:\/\/scherercortinas.com.br\/wp-content\/uploads\/2021\/05\/04-15-300x300.jpg 300w, https:\/\/scherercortinas.com.br\/wp-content\/uploads\/2021\/05\/04-15-150x150.jpg 150w, https:\/\/scherercortinas.com.br\/wp-content\/uploads\/2021\/05\/04-15-768x768.jpg 768w, https:\/\/scherercortinas.com.br\/wp-content\/uploads\/2021\/05\/04-15-640x640.jpg 640w, https:\/\/scherercortinas.com.br\/wp-content\/uploads\/2021\/05\/04-15.jpg 800w\" sizes=\"(max-width: 300px) 100vw, 300px\" \/><\/a>\n\t\t\t<\/div><\/figure><figure class='gallery-item'>\n\t\t\t<div class='gallery-icon landscape'>\n\t\t\t\t<a href='https:\/\/scherercortinas.com.br\/wp-content\/uploads\/2021\/05\/01-16.jpg' rel=\"lightbox[gallery-0] lightbox-1\"><img decoding=\"async\" width=\"300\" height=\"300\" src=\"https:\/\/scherercortinas.com.br\/wp-content\/uploads\/2021\/05\/01-16-300x300.jpg\" class=\"attachment-medium size-medium\" alt=\"\" srcset=\"https:\/\/scherercortinas.com.br\/wp-content\/uploads\/2021\/05\/01-16-300x300.jpg 300w, https:\/\/scherercortinas.com.br\/wp-content\/uploads\/2021\/05\/01-16-150x150.jpg 150w, https:\/\/scherercortinas.com.br\/wp-content\/uploads\/2021\/05\/01-16-768x768.jpg 768w, https:\/\/scherercortinas.com.br\/wp-content\/uploads\/2021\/05\/01-16-640x640.jpg 640w, https:\/\/scherercortinas.com.br\/wp-content\/uploads\/2021\/05\/01-16.jpg 800w\" sizes=\"(max-width: 300px) 100vw, 300px\" \/><\/a>\n\t\t\t<\/div><\/figure><figure class='gallery-item'>\n\t\t\t<div class='gallery-icon landscape'>\n\t\t\t\t<a href='https:\/\/scherercortinas.com.br\/wp-content\/uploads\/2021\/05\/02-16.jpg' rel=\"lightbox[gallery-0] lightbox-2\"><img decoding=\"async\" width=\"300\" height=\"300\" src=\"https:\/\/scherercortinas.com.br\/wp-content\/uploads\/2021\/05\/02-16-300x300.jpg\" class=\"attachment-medium size-medium\" alt=\"\" srcset=\"https:\/\/scherercortinas.com.br\/wp-content\/uploads\/2021\/05\/02-16-300x300.jpg 300w, https:\/\/scherercortinas.com.br\/wp-content\/uploads\/2021\/05\/02-16-150x150.jpg 150w, https:\/\/scherercortinas.com.br\/wp-content\/uploads\/2021\/05\/02-16-768x768.jpg 768w, https:\/\/scherercortinas.com.br\/wp-content\/uploads\/2021\/05\/02-16-640x640.jpg 640w, https:\/\/scherercortinas.com.br\/wp-content\/uploads\/2021\/05\/02-16.jpg 800w\" sizes=\"(max-width: 300px) 100vw, 300px\" \/><\/a>\n\t\t\t<\/div><\/figure><figure class='gallery-item'>\n\t\t\t<div class='gallery-icon landscape'>\n\t\t\t\t<a href='https:\/\/scherercortinas.com.br\/wp-content\/uploads\/2021\/05\/03-16.jpg' rel=\"lightbox[gallery-0] lightbox-3\"><img loading=\"lazy\" decoding=\"async\" width=\"300\" height=\"300\" src=\"https:\/\/scherercortinas.com.br\/wp-content\/uploads\/2021\/05\/03-16-300x300.jpg\" class=\"attachment-medium size-medium\" alt=\"\" srcset=\"https:\/\/scherercortinas.com.br\/wp-content\/uploads\/2021\/05\/03-16-300x300.jpg 300w, https:\/\/scherercortinas.com.br\/wp-content\/uploads\/2021\/05\/03-16-150x150.jpg 150w, https:\/\/scherercortinas.com.br\/wp-content\/uploads\/2021\/05\/03-16-768x768.jpg 768w, https:\/\/scherercortinas.com.br\/wp-content\/uploads\/2021\/05\/03-16-640x640.jpg 640w, https:\/\/scherercortinas.com.br\/wp-content\/uploads\/2021\/05\/03-16.jpg 800w\" sizes=\"(max-width: 300px) 100vw, 300px\" \/><\/a>\n\t\t\t<\/div><\/figure>\n\t\t<\/div>\n\r\n\r\n[\/vc_column_text][\/vc_column][\/vc_row]\t\t\t\t\t\t\t\t<\/div>\n\t\t\t\t<\/div>\n\t\t\t\t\t<\/div>\n\t\t<\/div>\n\t\t\t\t\t<\/div>\n\t\t<\/section>\n\t\t\t\t<section class=\"elementor-section elementor-top-section elementor-element elementor-element-eb54a7d elementor-section-stretched elementor-section-boxed elementor-section-height-default elementor-section-height-default\" data-id=\"eb54a7d\" data-element_type=\"section\" data-e-type=\"section\" data-settings=\"{&quot;stretch_section&quot;:&quot;section-stretched&quot;}\">\n\t\t\t\t\t\t<div class=\"elementor-container elementor-column-gap-default\">\n\t\t\t\t\t<div class=\"elementor-column elementor-col-100 elementor-top-column elementor-element elementor-element-9d53313\" data-id=\"9d53313\" data-element_type=\"column\" data-e-type=\"column\">\n\t\t\t<div class=\"elementor-widget-wrap\">\n\t\t\t\t\t\t\t<\/div>\n\t\t<\/div>\n\t\t\t\t\t<\/div>\n\t\t<\/section>\n\t\t\t\t<\/div>\n\t\t","protected":false},"excerpt":{"rendered":"<p>[vc_row full_width=&#8221;stretch_row_content_no_spaces&#8221; css=&#8221;.vc_custom_1621434550686{background-color: #674078 !important;}&#8221;][vc_column][\/vc_column][\/vc_row][vc_row][vc_column][vc_column_text] PERSIANAS CELULAR [\/vc_column_text][vc_column_text css_animation=&#8221;fadeInUp&#8221; css=&#8221;.vc_custom_1679506604407{margin-bottom: 10px !important;}&#8221;]Na segunda guerra mundial onde precisavam de paredes ac\u00fasticas e t\u00e9rmicas usadas por causa das explos\u00f5es e clima in\u00f3spito, assim surge uma op\u00e7\u00e3o para persianas, uma persiana linda e vers\u00e1til ao mesmo tempo incr\u00edvel de ac\u00fastica e movimento \u00edmpar. As medidas do formato de [&hellip;]<\/p>\n","protected":false},"author":2,"featured_media":0,"parent":0,"menu_order":0,"comment_status":"closed","ping_status":"closed","template":"","meta":{"footnotes":""},"class_list":["post-1802","page","type-page","status-publish","hentry"],"_links":{"self":[{"href":"https:\/\/scherercortinas.com.br\/index.php\/wp-json\/wp\/v2\/pages\/1802","targetHints":{"allow":["GET"]}}],"collection":[{"href":"https:\/\/scherercortinas.com.br\/index.php\/wp-json\/wp\/v2\/pages"}],"about":[{"href":"https:\/\/scherercortinas.com.br\/index.php\/wp-json\/wp\/v2\/types\/page"}],"author":[{"embeddable":true,"href":"https:\/\/scherercortinas.com.br\/index.php\/wp-json\/wp\/v2\/users\/2"}],"replies":[{"embeddable":true,"href":"https:\/\/scherercortinas.com.br\/index.php\/wp-json\/wp\/v2\/comments?post=1802"}],"version-history":[{"count":13,"href":"https:\/\/scherercortinas.com.br\/index.php\/wp-json\/wp\/v2\/pages\/1802\/revisions"}],"predecessor-version":[{"id":2329,"href":"https:\/\/scherercortinas.com.br\/index.php\/wp-json\/wp\/v2\/pages\/1802\/revisions\/2329"}],"wp:attachment":[{"href":"https:\/\/scherercortinas.com.br\/index.php\/wp-json\/wp\/v2\/media?parent=1802"}],"curies":[{"name":"wp","href":"https:\/\/api.w.org\/{rel}","templated":true}]}}