{"id":1821,"date":"2021-05-19T11:55:09","date_gmt":"2021-05-19T14:55:09","guid":{"rendered":"https:\/\/scherercortinas.com.br\/novosite\/?page_id=1821"},"modified":"2024-10-15T15:15:39","modified_gmt":"2024-10-15T18:15:39","slug":"plissadas","status":"publish","type":"page","link":"https:\/\/scherercortinas.com.br\/index.php\/plissadas\/","title":{"rendered":"Plissadas"},"content":{"rendered":"\t\t<div data-elementor-type=\"wp-page\" data-elementor-id=\"1821\" class=\"elementor elementor-1821\" data-elementor-post-type=\"page\">\n\t\t\t\t\t\t<section class=\"elementor-section elementor-top-section elementor-element elementor-element-508c3d84 elementor-section-boxed elementor-section-height-default elementor-section-height-default\" data-id=\"508c3d84\" data-element_type=\"section\" data-e-type=\"section\">\n\t\t\t\t\t\t<div class=\"elementor-container elementor-column-gap-default\">\n\t\t\t\t\t<div class=\"elementor-column elementor-col-100 elementor-top-column elementor-element elementor-element-6cea3b0c\" data-id=\"6cea3b0c\" data-element_type=\"column\" data-e-type=\"column\">\n\t\t\t<div class=\"elementor-widget-wrap elementor-element-populated\">\n\t\t\t\t\t\t<div class=\"elementor-element elementor-element-30e6f9e9 elementor-widget elementor-widget-text-editor\" data-id=\"30e6f9e9\" data-element_type=\"widget\" data-e-type=\"widget\" data-widget_type=\"text-editor.default\">\n\t\t\t\t<div class=\"elementor-widget-container\">\n\t\t\t\t\t\t\t\t\t[vc_row full_width=&#8221;stretch_row_content_no_spaces&#8221; css=&#8221;.vc_custom_1621435974912{background-color: #674078 !important;}&#8221;][vc_column][\/vc_column][\/vc_row][vc_row][vc_column][vc_column_text css_animation=&#8221;fadeInUp&#8221;]\r\n<h2><strong>PERSIANAS PLISSADAS<\/strong><\/h2>\r\n[\/vc_column_text][vc_column_text css_animation=&#8221;fadeInUp&#8221; css=&#8221;.vc_custom_1679506737303{margin-bottom: 10px !important;}&#8221;]<span style=\"color: #000;\">Persiana que tr\u00e1s um formato de gaita, o que tr\u00e1s pouco tecido por ser neste formato. Persiana lind\u00edssima, que \u00e9 super leve nos tecidos que s\u00e3o transl\u00facidos e de blackout.[\/vc_column_text][vc_column_text css_animation=&#8221;fadeInUp&#8221;]\u00a0<\/span>\r\n\r\n<div id='gallery-1' class='gallery galleryid-1821 gallery-columns-4 gallery-size-medium'><figure class='gallery-item'>\n\t\t\t<div class='gallery-icon landscape'>\n\t\t\t\t<a href='https:\/\/scherercortinas.com.br\/wp-content\/uploads\/2021\/05\/03-18.jpg' rel=\"lightbox[gallery-0] lightbox-0\"><img fetchpriority=\"high\" decoding=\"async\" width=\"300\" height=\"300\" src=\"https:\/\/scherercortinas.com.br\/wp-content\/uploads\/2021\/05\/03-18-300x300.jpg\" class=\"attachment-medium size-medium\" alt=\"\" srcset=\"https:\/\/scherercortinas.com.br\/wp-content\/uploads\/2021\/05\/03-18-300x300.jpg 300w, https:\/\/scherercortinas.com.br\/wp-content\/uploads\/2021\/05\/03-18-150x150.jpg 150w, https:\/\/scherercortinas.com.br\/wp-content\/uploads\/2021\/05\/03-18-768x768.jpg 768w, https:\/\/scherercortinas.com.br\/wp-content\/uploads\/2021\/05\/03-18-640x640.jpg 640w, https:\/\/scherercortinas.com.br\/wp-content\/uploads\/2021\/05\/03-18.jpg 800w\" sizes=\"(max-width: 300px) 100vw, 300px\" \/><\/a>\n\t\t\t<\/div><\/figure><figure class='gallery-item'>\n\t\t\t<div class='gallery-icon landscape'>\n\t\t\t\t<a href='https:\/\/scherercortinas.com.br\/wp-content\/uploads\/2021\/05\/04-17.jpg' rel=\"lightbox[gallery-0] lightbox-1\"><img decoding=\"async\" width=\"300\" height=\"300\" src=\"https:\/\/scherercortinas.com.br\/wp-content\/uploads\/2021\/05\/04-17-300x300.jpg\" class=\"attachment-medium size-medium\" alt=\"\" srcset=\"https:\/\/scherercortinas.com.br\/wp-content\/uploads\/2021\/05\/04-17-300x300.jpg 300w, https:\/\/scherercortinas.com.br\/wp-content\/uploads\/2021\/05\/04-17-150x150.jpg 150w, https:\/\/scherercortinas.com.br\/wp-content\/uploads\/2021\/05\/04-17-768x768.jpg 768w, https:\/\/scherercortinas.com.br\/wp-content\/uploads\/2021\/05\/04-17-640x640.jpg 640w, https:\/\/scherercortinas.com.br\/wp-content\/uploads\/2021\/05\/04-17.jpg 800w\" sizes=\"(max-width: 300px) 100vw, 300px\" \/><\/a>\n\t\t\t<\/div><\/figure><figure class='gallery-item'>\n\t\t\t<div class='gallery-icon landscape'>\n\t\t\t\t<a href='https:\/\/scherercortinas.com.br\/wp-content\/uploads\/2021\/05\/01-18.jpg' rel=\"lightbox[gallery-0] lightbox-2\"><img decoding=\"async\" width=\"300\" height=\"300\" src=\"https:\/\/scherercortinas.com.br\/wp-content\/uploads\/2021\/05\/01-18-300x300.jpg\" class=\"attachment-medium size-medium\" alt=\"\" srcset=\"https:\/\/scherercortinas.com.br\/wp-content\/uploads\/2021\/05\/01-18-300x300.jpg 300w, https:\/\/scherercortinas.com.br\/wp-content\/uploads\/2021\/05\/01-18-150x150.jpg 150w, https:\/\/scherercortinas.com.br\/wp-content\/uploads\/2021\/05\/01-18-768x768.jpg 768w, https:\/\/scherercortinas.com.br\/wp-content\/uploads\/2021\/05\/01-18-640x640.jpg 640w, https:\/\/scherercortinas.com.br\/wp-content\/uploads\/2021\/05\/01-18.jpg 800w\" sizes=\"(max-width: 300px) 100vw, 300px\" \/><\/a>\n\t\t\t<\/div><\/figure><figure class='gallery-item'>\n\t\t\t<div class='gallery-icon landscape'>\n\t\t\t\t<a href='https:\/\/scherercortinas.com.br\/wp-content\/uploads\/2021\/05\/02-18.jpg' rel=\"lightbox[gallery-0] lightbox-3\"><img loading=\"lazy\" decoding=\"async\" width=\"300\" height=\"300\" src=\"https:\/\/scherercortinas.com.br\/wp-content\/uploads\/2021\/05\/02-18-300x300.jpg\" class=\"attachment-medium size-medium\" alt=\"\" srcset=\"https:\/\/scherercortinas.com.br\/wp-content\/uploads\/2021\/05\/02-18-300x300.jpg 300w, https:\/\/scherercortinas.com.br\/wp-content\/uploads\/2021\/05\/02-18-150x150.jpg 150w, https:\/\/scherercortinas.com.br\/wp-content\/uploads\/2021\/05\/02-18-768x768.jpg 768w, https:\/\/scherercortinas.com.br\/wp-content\/uploads\/2021\/05\/02-18-640x640.jpg 640w, https:\/\/scherercortinas.com.br\/wp-content\/uploads\/2021\/05\/02-18.jpg 800w\" sizes=\"(max-width: 300px) 100vw, 300px\" \/><\/a>\n\t\t\t<\/div><\/figure>\n\t\t<\/div>\n\r\n\r\n[\/vc_column_text][\/vc_column][\/vc_row]\t\t\t\t\t\t\t\t<\/div>\n\t\t\t\t<\/div>\n\t\t\t\t\t<\/div>\n\t\t<\/div>\n\t\t\t\t\t<\/div>\n\t\t<\/section>\n\t\t\t\t<section class=\"elementor-section elementor-top-section elementor-element elementor-element-548a333 elementor-section-stretched elementor-section-boxed elementor-section-height-default elementor-section-height-default\" data-id=\"548a333\" data-element_type=\"section\" data-e-type=\"section\" data-settings=\"{&quot;stretch_section&quot;:&quot;section-stretched&quot;}\">\n\t\t\t\t\t\t<div class=\"elementor-container elementor-column-gap-default\">\n\t\t\t\t\t<div class=\"elementor-column elementor-col-100 elementor-top-column elementor-element elementor-element-ddd1f76\" data-id=\"ddd1f76\" data-element_type=\"column\" data-e-type=\"column\">\n\t\t\t<div class=\"elementor-widget-wrap\">\n\t\t\t\t\t\t\t<\/div>\n\t\t<\/div>\n\t\t\t\t\t<\/div>\n\t\t<\/section>\n\t\t\t\t<\/div>\n\t\t","protected":false},"excerpt":{"rendered":"<p>[vc_row full_width=&#8221;stretch_row_content_no_spaces&#8221; css=&#8221;.vc_custom_1621435974912{background-color: #674078 !important;}&#8221;][vc_column][\/vc_column][\/vc_row][vc_row][vc_column][vc_column_text css_animation=&#8221;fadeInUp&#8221;] PERSIANAS PLISSADAS [\/vc_column_text][vc_column_text css_animation=&#8221;fadeInUp&#8221; css=&#8221;.vc_custom_1679506737303{margin-bottom: 10px !important;}&#8221;]Persiana que tr\u00e1s um formato de gaita, o que tr\u00e1s pouco tecido por ser neste formato. Persiana lind\u00edssima, que \u00e9 super leve nos tecidos que s\u00e3o transl\u00facidos e de blackout.[\/vc_column_text][vc_column_text css_animation=&#8221;fadeInUp&#8221;]\u00a0 [\/vc_column_text][\/vc_column][\/vc_row] WhatsApp para contato Digite seu WhatsApp Iniciar Conversa<\/p>\n","protected":false},"author":2,"featured_media":0,"parent":0,"menu_order":0,"comment_status":"closed","ping_status":"closed","template":"","meta":{"footnotes":""},"class_list":["post-1821","page","type-page","status-publish","hentry"],"_links":{"self":[{"href":"https:\/\/scherercortinas.com.br\/index.php\/wp-json\/wp\/v2\/pages\/1821","targetHints":{"allow":["GET"]}}],"collection":[{"href":"https:\/\/scherercortinas.com.br\/index.php\/wp-json\/wp\/v2\/pages"}],"about":[{"href":"https:\/\/scherercortinas.com.br\/index.php\/wp-json\/wp\/v2\/types\/page"}],"author":[{"embeddable":true,"href":"https:\/\/scherercortinas.com.br\/index.php\/wp-json\/wp\/v2\/users\/2"}],"replies":[{"embeddable":true,"href":"https:\/\/scherercortinas.com.br\/index.php\/wp-json\/wp\/v2\/comments?post=1821"}],"version-history":[{"count":12,"href":"https:\/\/scherercortinas.com.br\/index.php\/wp-json\/wp\/v2\/pages\/1821\/revisions"}],"predecessor-version":[{"id":2362,"href":"https:\/\/scherercortinas.com.br\/index.php\/wp-json\/wp\/v2\/pages\/1821\/revisions\/2362"}],"wp:attachment":[{"href":"https:\/\/scherercortinas.com.br\/index.php\/wp-json\/wp\/v2\/media?parent=1821"}],"curies":[{"name":"wp","href":"https:\/\/api.w.org\/{rel}","templated":true}]}}