{"id":247,"date":"2017-06-12T07:37:46","date_gmt":"2017-06-12T07:37:46","guid":{"rendered":"https:\/\/dev.deliciousthemes.com\/mora\/?page_id=247"},"modified":"2024-10-15T15:17:58","modified_gmt":"2024-10-15T18:17:58","slug":"sobre-nos","status":"publish","type":"page","link":"https:\/\/scherercortinas.com.br\/index.php\/sobre-nos\/","title":{"rendered":"SOBRE N\u00d3S"},"content":{"rendered":"\t\t<div data-elementor-type=\"wp-page\" data-elementor-id=\"247\" class=\"elementor elementor-247\" data-elementor-post-type=\"page\">\n\t\t\t\t\t\t<section class=\"elementor-section elementor-top-section elementor-element elementor-element-3231553c elementor-section-boxed elementor-section-height-default elementor-section-height-default\" data-id=\"3231553c\" data-element_type=\"section\" data-e-type=\"section\">\n\t\t\t\t\t\t<div class=\"elementor-container elementor-column-gap-default\">\n\t\t\t\t\t<div class=\"elementor-column elementor-col-100 elementor-top-column elementor-element elementor-element-6030172d\" data-id=\"6030172d\" data-element_type=\"column\" data-e-type=\"column\">\n\t\t\t<div class=\"elementor-widget-wrap elementor-element-populated\">\n\t\t\t\t\t\t<div class=\"elementor-element elementor-element-7f8a6788 elementor-widget elementor-widget-text-editor\" data-id=\"7f8a6788\" data-element_type=\"widget\" data-e-type=\"widget\" data-widget_type=\"text-editor.default\">\n\t\t\t\t<div class=\"elementor-widget-container\">\n\t\t\t\t\t\t\t\t\t[vc_row full_width=&#8221;stretch_row_content_no_spaces&#8221; css=&#8221;.vc_custom_1621000210437{background-color: #674078 !important;}&#8221;][vc_column][\/vc_column][\/vc_row][vc_row][vc_column][vc_column_text css_animation=&#8221;fadeInUp&#8221;]\r\n<h2><strong>SOBRE N\u00d3S<\/strong><\/h2>\r\n<h4>CONHE\u00c7A NOSSA EMPRESA<\/h4>\r\n[\/vc_column_text][\/vc_column][\/vc_row][vc_row][vc_column width=&#8221;1\/2&#8243;][vc_column_text css_animation=&#8221;fadeInUp&#8221;]A Scherer Cortinas, surgiu para atender a todos que procuram bom gosto, modernidade e conforto, oferecendo um servi\u00e7o singular e de excel\u00eancia.\r\n\r\nEstamos no mercado h\u00e1 mais de 20 anos, sempre buscando as \u00faltimas tend\u00eancias e inovando sua casa ou empresa.\r\n\r\nSeus sonhos se concretizam por meio de nossa equipe, que procura o melhor para atende-lo.\r\nVisite nossa loja e usufrua de tudo que podemos lhe proporcionar.[\/vc_column_text][\/vc_column][vc_column width=&#8221;1\/2&#8243;][vc_column_text css_animation=&#8221;fadeInUp&#8221;]<img fetchpriority=\"high\" decoding=\"async\" class=\"alignnone wp-image-1485 \" src=\"https:\/\/scherercortinas.com.br\/novosite\/wp-content\/uploads\/2021\/05\/34-300x180.png\" alt=\"\" width=\"543\" height=\"326\" srcset=\"https:\/\/scherercortinas.com.br\/wp-content\/uploads\/2021\/05\/34-300x180.png 300w, https:\/\/scherercortinas.com.br\/wp-content\/uploads\/2021\/05\/34-640x384.png 640w, https:\/\/scherercortinas.com.br\/wp-content\/uploads\/2021\/05\/34.png 645w\" sizes=\"(max-width: 543px) 100vw, 543px\" \/>[\/vc_column_text][\/vc_column][\/vc_row]\t\t\t\t\t\t\t\t<\/div>\n\t\t\t\t<\/div>\n\t\t\t\t\t<\/div>\n\t\t<\/div>\n\t\t\t\t\t<\/div>\n\t\t<\/section>\n\t\t\t\t<section class=\"elementor-section elementor-top-section elementor-element elementor-element-9b8c893 elementor-section-stretched elementor-section-boxed elementor-section-height-default elementor-section-height-default\" data-id=\"9b8c893\" data-element_type=\"section\" data-e-type=\"section\" data-settings=\"{&quot;stretch_section&quot;:&quot;section-stretched&quot;}\">\n\t\t\t\t\t\t<div class=\"elementor-container elementor-column-gap-default\">\n\t\t\t\t\t<div class=\"elementor-column elementor-col-100 elementor-top-column elementor-element elementor-element-bd92983\" data-id=\"bd92983\" data-element_type=\"column\" data-e-type=\"column\">\n\t\t\t<div class=\"elementor-widget-wrap\">\n\t\t\t\t\t\t\t<\/div>\n\t\t<\/div>\n\t\t\t\t\t<\/div>\n\t\t<\/section>\n\t\t\t\t<\/div>\n\t\t","protected":false},"excerpt":{"rendered":"<p>[vc_row full_width=&#8221;stretch_row_content_no_spaces&#8221; css=&#8221;.vc_custom_1621000210437{background-color: #674078 !important;}&#8221;][vc_column][\/vc_column][\/vc_row][vc_row][vc_column][vc_column_text css_animation=&#8221;fadeInUp&#8221;] SOBRE N\u00d3S CONHE\u00c7A NOSSA EMPRESA [\/vc_column_text][\/vc_column][\/vc_row][vc_row][vc_column width=&#8221;1\/2&#8243;][vc_column_text css_animation=&#8221;fadeInUp&#8221;]A Scherer Cortinas, surgiu para atender a todos que procuram bom gosto, modernidade e conforto, oferecendo um servi\u00e7o singular e de excel\u00eancia. Estamos no mercado h\u00e1 mais de 20 anos, sempre buscando as \u00faltimas tend\u00eancias e inovando sua casa ou empresa. Seus [&hellip;]<\/p>\n","protected":false},"author":2,"featured_media":0,"parent":0,"menu_order":0,"comment_status":"closed","ping_status":"closed","template":"","meta":{"footnotes":""},"class_list":["post-247","page","type-page","status-publish","hentry"],"_links":{"self":[{"href":"https:\/\/scherercortinas.com.br\/index.php\/wp-json\/wp\/v2\/pages\/247","targetHints":{"allow":["GET"]}}],"collection":[{"href":"https:\/\/scherercortinas.com.br\/index.php\/wp-json\/wp\/v2\/pages"}],"about":[{"href":"https:\/\/scherercortinas.com.br\/index.php\/wp-json\/wp\/v2\/types\/page"}],"author":[{"embeddable":true,"href":"https:\/\/scherercortinas.com.br\/index.php\/wp-json\/wp\/v2\/users\/2"}],"replies":[{"embeddable":true,"href":"https:\/\/scherercortinas.com.br\/index.php\/wp-json\/wp\/v2\/comments?post=247"}],"version-history":[{"count":26,"href":"https:\/\/scherercortinas.com.br\/index.php\/wp-json\/wp\/v2\/pages\/247\/revisions"}],"predecessor-version":[{"id":2374,"href":"https:\/\/scherercortinas.com.br\/index.php\/wp-json\/wp\/v2\/pages\/247\/revisions\/2374"}],"wp:attachment":[{"href":"https:\/\/scherercortinas.com.br\/index.php\/wp-json\/wp\/v2\/media?parent=247"}],"curies":[{"name":"wp","href":"https:\/\/api.w.org\/{rel}","templated":true}]}}